{"id":5795,"date":"2021-07-08T08:10:11","date_gmt":"2021-07-08T08:10:11","guid":{"rendered":"https:\/\/work2.dossetenta.com\/lupicino\/alianzas-abogados-norte-africa-africa-subsahariana\/"},"modified":"2024-02-26T17:37:33","modified_gmt":"2024-02-26T16:37:33","slug":"alliances-lawyers-north-africa-and-sub-saharan-africa","status":"publish","type":"page","link":"https:\/\/lupicinio.com\/en\/alliances-lawyers-north-africa-and-sub-saharan-africa\/","title":{"rendered":"Single pa\u00edses y alianzas &#8211; Norte de \u00c1frica y \u00c1frica Subsahariana"},"content":{"rendered":"<p><section id=\"main-head\" class=\"bt_bb_section bt_bb_layout_boxed_1200 bt_bb_vertical_align_middle bg-custom-overlay\"  data-bt-override-class=\"null\"><div class=\"bt_bb_background_image_holder_wrapper\"><div class=\"bt_bb_background_image_holder btLazyLoadBackground\"  data-background_image_src=\"https:\/\/lupicinio.com\/wp-content\/uploads\/2021\/07\/lupicinio-abogados-alianzas-paises-15.jpg\" data-parallax-zoom-start=\"1\" data-parallax-zoom-end=\"1\" data-parallax-blur-start=\"0\" data-parallax-blur-end=\"0\" data-parallax-opacity-start=\"1\" data-parallax-opacity-end=\"1\" style=\" background-image: url(&#039;https:\/\/lupicinio.com\/wp-content\/plugins\/bold-page-builder\/img\/blank.gif&#039;);\"><\/div><\/div><div class=\"bt_bb_port\"><div class=\"bt_bb_cell\"><div class=\"bt_bb_cell_inner\"><div class=\"bt_bb_row \"  data-bt-override-class=\"{}\"><div class=\"bt_bb_row_holder\" ><div  class=\"bt_bb_column col-xl-12 col-xs-12 col-sm-12 col-md-12 col-lg-12 bt_bb_align_left bt_bb_padding_normal\"  data-width=\"12\" data-bt-override-class=\"{}\"><div class=\"bt_bb_column_content bt_bb_vertical_align_top\"><div class=\"bt_bb_column_content_inner\"><div class=\"bt_bb_separator bt_bb_border_style_none bt_bb_hidden_xs bt_bb_hidden_ms\" style=\"; border-width: 160px; border-color: transparent; border-style: solid;\" data-bt-override-class=\"null\"><\/div><div class=\"bt_bb_separator bt_bb_border_style_none bt_bb_hidden_sm bt_bb_hidden_md bt_bb_hidden_lg\" style=\"; border-width: 100px; border-color: transparent; border-style: solid;\" data-bt-override-class=\"null\"><\/div><header class=\"bt_bb_headline titulos-cabecera bt_bb_font_weight_bold bt_bb_color_scheme_18 bt_bb_dash_none bt_bb_size_inherit bt_bb_align_center bt_bb_subtitle_font_weight_normal titulos-cabecera\" style=\"; --primary-color:White; --secondary-color:#fff;\" data-bt-override-class=\"{&quot;bt_bb_align_&quot;:{&quot;current_class&quot;:&quot;bt_bb_align_center&quot;,&quot;def&quot;:&quot;center&quot;,&quot;xl&quot;:&quot;center&quot;}}\"><h1 class=\"bt_bb_headline_tag\"><span class=\"bt_bb_headline_content\"><span>NORTH AFRICA AND<br \/><br \/>\nSUB-SAHARAN AFRICA<\/span><\/span><\/h1><\/header><div class=\"bt_bb_separator bt_bb_border_style_none bt_bb_hidden_xs bt_bb_hidden_ms\" style=\"; border-width: 80px; border-color: transparent; border-style: solid;\" data-bt-override-class=\"null\"><\/div><div class=\"bt_bb_separator bt_bb_border_style_none bt_bb_hidden_sm bt_bb_hidden_md bt_bb_hidden_lg\" style=\"; border-width: 100px; border-color: transparent; border-style: solid;\" data-bt-override-class=\"null\"><\/div><\/div><\/div><\/div><\/div><\/div><\/div><!-- cell_inner --><\/div><!-- cell --><\/div><!-- port --><\/section><section id=\"bt_bb_section69e598e4a1d8f\" class=\"bt_bb_section bt_bb_layout_wide bt_bb_vertical_align_top bt_bb_negative_margin_85 negative-top\"  data-bt-override-class=\"null\"><div class=\"bt_bb_port\"><div class=\"bt_bb_cell\"><div class=\"bt_bb_cell_inner\"><div class=\"bt_bb_row  bt_bb_layout_special btOverlapRight\"  data-bt-override-class=\"{}\"><div class=\"bt_bb_row_holder\" ><div  class=\"bt_bb_column col-xl-6 col-xs-12 col-sm-12 col-md-6 col-lg-6 bt_bb_align_left bt_bb_padding_normal bt_bb_order_sm_1 bt_bb_order_xs_1\"  data-width=\"6\" data-bt-override-class=\"{&quot;bt_bb_align_&quot;:{&quot;current_class&quot;:&quot;bt_bb_align_left&quot;,&quot;def&quot;:&quot;left&quot;,&quot;xl&quot;:&quot;left&quot;}}\"><div class=\"bt_bb_column_content bt_bb_vertical_align_top btLazyLoadBackground bt_bb_column_background_image\" style=\"background-image:url(&#039;https:\/\/lupicinio.com\/wp-content\/plugins\/bold-page-builder\/img\/blank.gif&#039;);\" data-background_image_src='https:\/\/lupicinio.com\/wp-content\/uploads\/2021\/07\/lupicinio-abogados-alianzas-paises-20.jpg'><div class=\"bt_bb_column_content_inner\"><div class=\"bt_bb_separator bt_bb_border_style_none bt_bb_bottom_spacing_70\" data-bt-override-class=\"null\"><\/div><\/div><\/div><\/div><div  class=\"bt_bb_column col-xl-6 col-xs-12 col-sm-12 col-md-6 col-lg-6 custom-icon-mundo-paises padding-left-105 col-texto-paises btWithIcon bt_bb_align_left bt_bb_padding_normal bt_bb_order_sm_0 bt_bb_order_xs_0\"  data-width=\"6\" data-bt-override-class=\"{&quot;bt_bb_align_&quot;:{&quot;current_class&quot;:&quot;bt_bb_align_left&quot;,&quot;def&quot;:&quot;left&quot;,&quot;xl&quot;:&quot;left&quot;}}\"><div class=\"bt_bb_column_content bt_bb_vertical_align_top\"><div class=\"bt_bb_column_icon\"><span  data-ico-fontawesome=\"&#xf03e;\" class=\"bt_bb_icon_holder\"><\/span><\/div><div class=\"bt_bb_column_content_inner\"><div class=\" bt_bb_row_inner text-detalle-paises\"   data-bt-override-class=\"{}\"><div class=\"bt_bb_row_inner_holder\"  ><div  class=\"bt_bb_column_inner col-xl-12 col-xs-12 col-sm-12 col-md-12 col-lg-12 bt_bb_align_left bt_bb_vertical_align_top bt_bb_padding_normal\"  data-width=\"12\" data-bt-override-class=\"{}\"><div class=\"bt_bb_column_inner_content\"><div class=\"bt_bb_raw_content\"><nav role=\"navigation\" aria-label=\"Breadcrumbs\" class=\"breadcrumb-trail breadcrumbs migas-blue\" itemprop=\"breadcrumb\">\n    <ul class=\"trail-items\" itemscope=\"\" itemtype=\"http:\/\/schema.org\/BreadcrumbList\">\n      <meta name=\"numberOfItems\" content=\"2\">\n      <meta name=\"itemListOrder\" content=\"Ascending\">\n      \n      <li itemprop=\"itemListElement\" itemscope=\"\" itemtype=\"http:\/\/schema.org\/ListItem\" class=\"trail-item\">\n                    <a href=\"\/en\/countries-regions\/\" itemprop=\"item\">\n<span itemprop=\"name\">Countries and Partnerships<\/span>\n        <\/a>\n        <meta itemprop=\"position\" content=\"1\">\n      <\/li>\n      <li itemprop=\"itemListElement\" itemscope=\"\" itemtype=\"http:\/\/schema.org\/ListItem\" class=\"trail-item trail-end\">\n     \n      <span itemprop=\"name\">North Africa and Africa Sub-saharan<\/span>\n\n      <meta itemprop=\"position\" content=\"2\">\n  <\/li>\n  <\/ul>\n  <\/nav><\/div><div  class=\"bt_bb_text\" ><\/p>\n<h2>NORTH AFRICA AND<br \/>\nSUB-SAHARAN AFRICA<\/h2>\n<p>In Africa, whose\u00a0high economic growth is easily noticeable, we have alliances in the North and South of the continent. More specifically in\u00a0Algeria, a strategic country in the Maghreb Region and in\u00a0Zimbabwe, southern Africa. Both countries stand out for their innovative economic growth due to their natural resources, offering excellent\u00a0investment opportunities in infrastructure. In addition, in both countries\u00a0foreign investment laws are highly respected. For example, Zimbabwe has set in motion a democratic institutional framework that facilitates these types of investments.<\/p>\n<p>\n<\/div><div class=\"bt_bb_separator bt_bb_border_style_none bt_bb_hidden_sm bt_bb_hidden_md bt_bb_hidden_lg\" style=\"; border-width: 15px; border-color: transparent; border-style: solid;\" data-bt-override-class=\"null\"><\/div><\/div><\/div><\/div><\/div><\/div><\/div><\/div><\/div><\/div><div class=\"bt_bb_row \"  data-bt-override-class=\"{}\"><div class=\"bt_bb_row_holder\" ><div  class=\"bt_bb_column col-xl-12 col-xs-12 col-sm-12 col-md-12 col-lg-12 bt_bb_align_left bt_bb_padding_normal\"  data-width=\"12\" data-bt-override-class=\"{}\"><div class=\"bt_bb_column_content bt_bb_vertical_align_top\"><div class=\"bt_bb_column_content_inner\"><div class=\"bt_bb_separator bt_bb_border_style_none bt_bb_hidden_xs bt_bb_hidden_ms\" style=\"; border-width: 50px; border-color: transparent; border-style: solid;\" data-bt-override-class=\"null\"><\/div><div class=\"bt_bb_separator bt_bb_border_style_none bt_bb_hidden_sm bt_bb_hidden_md bt_bb_hidden_lg\" style=\"; border-width: 15px; border-color: transparent; border-style: solid;\" data-bt-override-class=\"null\"><\/div><\/div><\/div><\/div><\/div><\/div><\/div><!-- cell_inner --><\/div><!-- cell --><\/div><!-- port --><\/section><section id=\"bt_bb_section69e598e4a2b01\" class=\"bt_bb_section bt_bb_layout_boxed_1200 bt_bb_vertical_align_top bt_bb_bottom_spacing_80\"  data-bt-override-class=\"null\"><div class=\"bt_bb_port\"><div class=\"bt_bb_cell\"><div class=\"bt_bb_cell_inner\"><div class=\"bt_bb_row  row-content-single\"  data-bt-override-class=\"{}\"><div class=\"bt_bb_row_holder\" ><div  class=\"bt_bb_column col-xl-8 col-xs-12 col-sm-12 col-md-12 col-lg-8 bt_bb_align_left bt_bb_padding_normal\"  data-width=\"8\" data-bt-override-class=\"{}\"><div class=\"bt_bb_column_content bt_bb_vertical_align_top\"><div class=\"bt_bb_column_content_inner\"><div  class=\"bt_bb_text\" ><\/p>\n<p><strong>Algeria<\/strong><\/p>\n<p>Lupicinio International LawFirm in Algeria is formed by a team of lawyers who have extensive knowledge of Algerian law and the political, social and economic peculiarities of this country. At the moment we have a collaborative agreement with <em><a href=\"https:\/\/lupicinio.com\/en\/lawyer\/khemissi-hetatache\/\">Khemissi Hetatache<\/a><\/em>, the director of the firm in Algeria, so that the legal services have an unbeatable knowledge of the context. They are mainly specialised in CorporateLaw and Litigation in oil, technology and manufacturing, although we have also advised on cases in the pharmaceutical sector.<\/p>\n<p>Zimbabwe<\/p>\n<p>Zimbabwe is one of the countries in Africa that has a democratic and presidential system. Zimbabwe is a country full of mineral resources, endowed with a powerful agricultural economy and is favored by a growing tourism. In this country we have established a BFA (Best Friendship Agreement) with the oldest law office in the country. The office is located in Harare, the capital and the most populated city of Zimbabwe.<\/p>\n<p>For any inquiries, please contact us: internacional@lupicinio.com<\/p>\n<p>\n<\/div><\/div><\/div><\/div><div  class=\"bt_bb_column col-xl-4 col-xs-12 col-sm-12 col-md-12 col-lg-4 sidebar-single bt_bb_align_left bt_bb_padding_normal\"  data-width=\"4\" data-bt-override-class=\"{&quot;bt_bb_align_&quot;:{&quot;current_class&quot;:&quot;bt_bb_align_left&quot;,&quot;def&quot;:&quot;left&quot;,&quot;xl&quot;:&quot;left&quot;}}\"><div class=\"bt_bb_column_content bt_bb_vertical_align_top\"><div class=\"bt_bb_column_content_inner\"><div class=\"bt_bb_separator bt_bb_border_style_none bt_bb_hidden_md bt_bb_hidden_lg\" style=\"; border-width: 20px; border-color: transparent; border-style: solid;\" data-bt-override-class=\"null\"><\/div><div  class=\"bt_bb_text\" ><\/p>\n<p style=\"font-size: 28px; margin-bottom: 10px;\">Contact us!<\/p>\n<p>\n<\/div><div  class=\"bt_bb_text contacto-sidebar\" ><div class=\"frm_forms  with_frm_style frm_style_estilos-formidable\" id=\"frm_form_7_container\" >\n<form enctype=\"multipart\/form-data\" method=\"post\" class=\"frm-show-form  frm_js_validate  frm_pro_form \" id=\"form_contacto-en265fbae426espaol\" >\n<div class=\"frm_form_fields \">\n<fieldset>\n<legend class=\"frm_screen_reader\">Contacto formulario en ingl\u00e9s<\/legend>\r\n\r\n<div class=\"frm_fields_container\">\n<input type=\"hidden\" name=\"frm_action\" value=\"create\" \/>\n<input type=\"hidden\" name=\"form_id\" value=\"7\" \/>\n<input type=\"hidden\" name=\"frm_hide_fields_7\" id=\"frm_hide_fields_7\" value=\"\" \/>\n<input type=\"hidden\" name=\"form_key\" value=\"contacto-en265fbae426espaol\" \/>\n<input type=\"hidden\" name=\"item_meta[0]\" value=\"\" \/>\n<input type=\"hidden\" id=\"frm_submit_entry_7\" name=\"frm_submit_entry_7\" value=\"6ca442f344\" \/><input type=\"hidden\" name=\"_wp_http_referer\" value=\"\/en\/wp-json\/wp\/v2\/pages\/5795\" \/><div id=\"frm_field_44_container\" class=\"frm_form_field form-field  frm_required_field frm_top_container frm_first frm_half\">\r\n    <label for=\"field_fk8ztffdb90b29166b21d47ef\" id=\"field_fk8ztffdb90b29166b21d47ef_label\" class=\"frm_primary_label\">Name\r\n        <span class=\"frm_required\" aria-hidden=\"true\">*<\/span>\r\n    <\/label>\r\n    <input  type=\"text\" id=\"field_fk8ztffdb90b29166b21d47ef\" name=\"item_meta[44]\" value=\"\"  placeholder=\"Name *\" data-reqmsg=\"Write your name\" aria-required=\"true\" data-invmsg=\"Texto no es v\u00e1lido\" aria-invalid=\"false\"   \/>\r\n    \r\n    \r\n<\/div>\n<div id=\"frm_field_45_container\" class=\"frm_form_field form-field  frm_required_field frm_top_container frm_half\">\r\n    <label for=\"field_c2p8h24f258eb872569ba5662\" id=\"field_c2p8h24f258eb872569ba5662_label\" class=\"frm_primary_label\">Phone\r\n        <span class=\"frm_required\" aria-hidden=\"true\">*<\/span>\r\n    <\/label>\r\n    <input type=\"tel\" id=\"field_c2p8h24f258eb872569ba5662\" name=\"item_meta[45]\" value=\"\"  placeholder=\"Phone\" data-reqmsg=\"Este campo no puede estar en blanco.\" aria-required=\"true\" data-invmsg=\"Tel\u00e9fono no es v\u00e1lido\" aria-invalid=\"false\" pattern=\"((\\+\\d{1,3}(-|.| )?\\(?\\d\\)?(-| |.)?\\d{1,5})|(\\(?\\d{2,6}\\)?))(-|.| )?(\\d{3,4})(-|.| )?(\\d{4})(( x| ext)\\d{1,5}){0,1}$\"  \/>\r\n    \r\n    \r\n<\/div>\n<div id=\"frm_field_46_container\" class=\"frm_form_field form-field  frm_required_field frm_top_container\">\r\n    <label for=\"field_udvww659b4a9bcb7ffecc955c\" id=\"field_udvww659b4a9bcb7ffecc955c_label\" class=\"frm_primary_label\">Email\r\n        <span class=\"frm_required\" aria-hidden=\"true\">*<\/span>\r\n    <\/label>\r\n    <input type=\"email\" id=\"field_udvww659b4a9bcb7ffecc955c\" name=\"item_meta[46]\" value=\"\"  placeholder=\"Email *\" data-reqmsg=\"Write your email\" aria-required=\"true\" data-invmsg=\"This email is not valid\" aria-invalid=\"false\"  \/>\r\n    \r\n    \r\n<\/div>\n<div id=\"frm_field_48_container\" class=\"frm_form_field form-field  frm_required_field frm_top_container\">\r\n    <label for=\"field_3h7ft15089f15f3dd8dedfbd4\" id=\"field_3h7ft15089f15f3dd8dedfbd4_label\" class=\"frm_primary_label\">Query\r\n        <span class=\"frm_required\" aria-hidden=\"true\">*<\/span>\r\n    <\/label>\r\n    <textarea name=\"item_meta[48]\" id=\"field_3h7ft15089f15f3dd8dedfbd4\" rows=\"5\"  placeholder=\"Query (Please provide as much detail as possible regarding the reason for your query) *\" data-reqmsg=\"Write your query\" aria-required=\"true\" data-invmsg=\"Query no es v\u00e1lido\" aria-invalid=\"false\"  ><\/textarea>\r\n    \r\n    \r\n<\/div>\n<div id=\"frm_field_51_container\" class=\"frm_form_field  frm_html_container form-field\">\n<p style=\"font-size: 14px; color: darkred;\">*  These fields are required<\/p>\n<\/div>\n<div id=\"frm_field_49_container\" class=\"frm_form_field form-field  frm_required_field frm_top_container vertical_radio\">\r\n    <div  id=\"field_9yhsb5dd2d1c60009303bb04a_label\" class=\"frm_primary_label\">\r\n        <span class=\"frm_required\" aria-hidden=\"true\">*<\/span>\r\n    <\/div>\r\n    <div class=\"frm_opt_container\" aria-labelledby=\"field_9yhsb5dd2d1c60009303bb04a_label\" role=\"group\">\t\t<div class=\"frm_checkbox\" id=\"frm_checkbox_49-0\">\t\t\t<label  for=\"field_9yhsb5dd2d1c60009303bb04a-0\">\n\t\t\t<input type=\"checkbox\" name=\"item_meta[49][]\" id=\"field_9yhsb5dd2d1c60009303bb04a-0\" value=\"I have read and agree the &lt;a href=&quot;https:\/\/lupicinio.com\/politica-de-privacidad\/&quot;&gt;privacy policy&lt;\/a&gt;\"  data-reqmsg=\"You must accept the privacy policy\" data-invmsg=\"This field is invalid\"   aria-required=\"true\"  \/> I have read and agree the <a href=\"https:\/\/lupicinio.com\/politica-de-privacidad\/\">privacy policy<\/a><\/label><\/div>\n<\/div>\r\n    \r\n    \r\n<\/div>\n<div id=\"frm_field_58_container\" class=\"frm_form_field form-field  frm_none_container\">\r\n    <label for=\"g-recaptcha-response\" id=\"field_hhz0d_label\" class=\"frm_primary_label\">reCAPTCHA\r\n        <span class=\"frm_required\" aria-hidden=\"true\"><\/span>\r\n    <\/label>\r\n    \r\n    \r\n    \r\n<\/div>\n<div id=\"frm_field_68_container\" class=\"frm_form_field  legal-text-form frm_html_container form-field\">\n<p>Our purpose is to maintain a record of people interested in our services, as well as to be able to send you commercial information about them.<\/p>\n<p><strong>The data will not be saved or stored on other media or devices; Nor will other data from your navigation through the website be stored. There will also be no international data transfers.<\/strong><\/p>\n<p><strong>When you fill out our form, you must know who the company is that will process your data.<\/strong><\/p>\n<p>RESPONSIBLE FOR THE TREATMENT: LUPICINIO RODR\u00cdGUEZ JIM\u00c9NEZ<\/p>\n<p>Your Trade Name: \u00a9 LUPICINIO INTERNATIONAL LAW FIRM<\/p>\n<p>Your postal address: C\/ Villanueva, 29 de Madrid 28001 (Madrid)<\/p>\n<\/div>\n<div id=\"frm_field_77_container\" class=\"frm_form_field form-field \">\r\n\t<div class=\"frm_submit\">\r\n\r\n<button class=\"frm_button_submit frm_final_submit\" type=\"submit\"   formnovalidate=\"formnovalidate\">Enviar<\/button>\r\n\r\n<\/div>\r\n<\/div>\n\t<input type=\"hidden\" name=\"item_key\" value=\"\" \/>\n\t\t\t<div id=\"frm_field_81_container\">\n\t\t\t<label for=\"field_4arcn\" >\n\t\t\t\tIf you are human, leave this field blank.\t\t\t<\/label>\n\t\t\t<input  id=\"field_4arcn\" type=\"text\" class=\"frm_form_field form-field frm_verify\" name=\"item_meta[81]\" value=\"\"  \/>\n\t\t<\/div>\n\t\t<input name=\"frm_state\" type=\"hidden\" value=\"jmHqiaDmXlkR+z15xH61AiSx4uOBanquJW0nnHymyXd1BPHkKpj34cKxE+DaI+oO\" \/><\/div>\n<\/fieldset>\n<\/div>\n<script type=\"text\/javascript\">var input = document.createElement('input');\n    input.setAttribute('type', 'hidden');\n    input.setAttribute('name', 'ct_checkjs_frm');\n    input.setAttribute('value', '2c70a24d7d4171cee3cddbd4c357c8e276c65d4a929b7b2e901b3f1e063f395d');\n    for (i = 0; i < document.forms.length; i++) {\n        if (typeof document.forms[i].id == 'string'){\n\t\t\tif(document.forms[i].id.search('form_contacto-en265fbae426espaol') != -1) {\n            document.forms[i].appendChild(input);\n\t\t\t}\n        }\n    }<\/script>\n\n<\/form>\n<\/div>\n<\/div><\/div><\/div><\/div><\/div><\/div><\/div><!-- cell_inner --><\/div><!-- cell --><\/div><!-- port --><\/section><\/p>\n","protected":false},"excerpt":{"rendered":"","protected":false},"author":1,"featured_media":0,"parent":0,"menu_order":0,"comment_status":"closed","ping_status":"closed","template":"","meta":{"footnotes":""},"class_list":["post-5795","page","type-page","status-publish","hentry"],"yoast_head":"<!-- This site is optimized with the Yoast SEO plugin v27.0 - https:\/\/yoast.com\/product\/yoast-seo-wordpress\/ -->\n<title>African Law: NORTH AFRICA ANDSUB-SAHARAN AFRICA | Lupicinio<\/title>\n<meta name=\"description\" content=\"In Africa, whose high economic growth is easily noticeable, we have alliances in the North and South of the continent.\" \/>\n<meta name=\"robots\" content=\"index, follow, max-snippet:-1, max-image-preview:large, max-video-preview:-1\" \/>\n<link rel=\"canonical\" href=\"https:\/\/lupicinio.com\/en\/alliances-lawyers-north-africa-and-sub-saharan-africa\/\" \/>\n<meta property=\"og:locale\" content=\"en_US\" \/>\n<meta property=\"og:type\" content=\"article\" \/>\n<meta property=\"og:title\" content=\"African Law: NORTH AFRICA ANDSUB-SAHARAN AFRICA | Lupicinio\" \/>\n<meta property=\"og:description\" content=\"In Africa, whose high economic growth is easily noticeable, we have alliances in the North and South of the continent.\" \/>\n<meta property=\"og:url\" content=\"https:\/\/lupicinio.com\/en\/alliances-lawyers-north-africa-and-sub-saharan-africa\/\" \/>\n<meta property=\"og:site_name\" content=\"Lupicinio\" \/>\n<meta property=\"article:modified_time\" content=\"2024-02-26T16:37:33+00:00\" \/>\n<meta name=\"twitter:card\" content=\"summary_large_image\" \/>\n<meta name=\"twitter:label1\" content=\"Est. reading time\" \/>\n\t<meta name=\"twitter:data1\" content=\"4 minutes\" \/>\n<!-- \/ Yoast SEO plugin. -->","yoast_head_json":{"title":"African Law: NORTH AFRICA ANDSUB-SAHARAN AFRICA | Lupicinio","description":"In Africa, whose high economic growth is easily noticeable, we have alliances in the North and South of the continent.","robots":{"index":"index","follow":"follow","max-snippet":"max-snippet:-1","max-image-preview":"max-image-preview:large","max-video-preview":"max-video-preview:-1"},"canonical":"https:\/\/lupicinio.com\/en\/alliances-lawyers-north-africa-and-sub-saharan-africa\/","og_locale":"en_US","og_type":"article","og_title":"African Law: NORTH AFRICA ANDSUB-SAHARAN AFRICA | Lupicinio","og_description":"In Africa, whose high economic growth is easily noticeable, we have alliances in the North and South of the continent.","og_url":"https:\/\/lupicinio.com\/en\/alliances-lawyers-north-africa-and-sub-saharan-africa\/","og_site_name":"Lupicinio","article_modified_time":"2024-02-26T16:37:33+00:00","twitter_card":"summary_large_image","twitter_misc":{"Est. reading time":"4 minutes"},"schema":{"@context":"https:\/\/schema.org","@graph":[{"@type":"WebPage","@id":"https:\/\/lupicinio.com\/en\/alliances-lawyers-north-africa-and-sub-saharan-africa\/","url":"https:\/\/lupicinio.com\/en\/alliances-lawyers-north-africa-and-sub-saharan-africa\/","name":"African Law: NORTH AFRICA ANDSUB-SAHARAN AFRICA | Lupicinio","isPartOf":{"@id":"https:\/\/lupicinio.com\/en\/#website"},"datePublished":"2021-07-08T08:10:11+00:00","dateModified":"2024-02-26T16:37:33+00:00","description":"In Africa, whose high economic growth is easily noticeable, we have alliances in the North and South of the continent.","breadcrumb":{"@id":"https:\/\/lupicinio.com\/en\/alliances-lawyers-north-africa-and-sub-saharan-africa\/#breadcrumb"},"inLanguage":"en-US","potentialAction":[{"@type":"ReadAction","target":["https:\/\/lupicinio.com\/en\/alliances-lawyers-north-africa-and-sub-saharan-africa\/"]}]},{"@type":"BreadcrumbList","@id":"https:\/\/lupicinio.com\/en\/alliances-lawyers-north-africa-and-sub-saharan-africa\/#breadcrumb","itemListElement":[{"@type":"ListItem","position":1,"name":"Portada","item":"https:\/\/lupicinio.com\/en\/"},{"@type":"ListItem","position":2,"name":"Single pa\u00edses y alianzas &#8211; Norte de \u00c1frica y \u00c1frica Subsahariana"}]},{"@type":"WebSite","@id":"https:\/\/lupicinio.com\/en\/#website","url":"https:\/\/lupicinio.com\/en\/","name":"Lupicinio","description":"Abogados Internacionales","publisher":{"@id":"https:\/\/lupicinio.com\/en\/#organization"},"potentialAction":[{"@type":"SearchAction","target":{"@type":"EntryPoint","urlTemplate":"https:\/\/lupicinio.com\/en\/?s={search_term_string}"},"query-input":{"@type":"PropertyValueSpecification","valueRequired":true,"valueName":"search_term_string"}}],"inLanguage":"en-US"},{"@type":"Organization","@id":"https:\/\/lupicinio.com\/en\/#organization","name":"Lupicinio International Law Firm","url":"https:\/\/lupicinio.com\/en\/","logo":{"@type":"ImageObject","inLanguage":"en-US","@id":"https:\/\/lupicinio.com\/en\/#\/schema\/logo\/image\/","url":"https:\/\/lupicinio.com\/wp-content\/uploads\/2021\/10\/lupicinio-e1634641574720.png","contentUrl":"https:\/\/lupicinio.com\/wp-content\/uploads\/2021\/10\/lupicinio-e1634641574720.png","width":325,"height":104,"caption":"Lupicinio International Law Firm"},"image":{"@id":"https:\/\/lupicinio.com\/en\/#\/schema\/logo\/image\/"}}]}},"_links":{"self":[{"href":"https:\/\/lupicinio.com\/en\/wp-json\/wp\/v2\/pages\/5795","targetHints":{"allow":["GET"]}}],"collection":[{"href":"https:\/\/lupicinio.com\/en\/wp-json\/wp\/v2\/pages"}],"about":[{"href":"https:\/\/lupicinio.com\/en\/wp-json\/wp\/v2\/types\/page"}],"author":[{"embeddable":true,"href":"https:\/\/lupicinio.com\/en\/wp-json\/wp\/v2\/users\/1"}],"replies":[{"embeddable":true,"href":"https:\/\/lupicinio.com\/en\/wp-json\/wp\/v2\/comments?post=5795"}],"version-history":[{"count":3,"href":"https:\/\/lupicinio.com\/en\/wp-json\/wp\/v2\/pages\/5795\/revisions"}],"predecessor-version":[{"id":16974,"href":"https:\/\/lupicinio.com\/en\/wp-json\/wp\/v2\/pages\/5795\/revisions\/16974"}],"wp:attachment":[{"href":"https:\/\/lupicinio.com\/en\/wp-json\/wp\/v2\/media?parent=5795"}],"curies":[{"name":"wp","href":"https:\/\/api.w.org\/{rel}","templated":true}]}}